{"id":4325,"date":"2026-04-16T23:16:39","date_gmt":"2026-04-16T21:16:39","guid":{"rendered":"https:\/\/reptishop.pl\/produkt\/podloze-kokosowe-coco-plug-12-22-mm-45kg-en\/"},"modified":"2026-04-30T14:48:15","modified_gmt":"2026-04-30T12:48:15","slug":"podloze-kokosowe-coco-plug-12-22-mm-45kg-en","status":"publish","type":"product","link":"https:\/\/reptishop.pl\/en\/produkt\/podloze-kokosowe-coco-plug-12-22-mm-45kg-en\/","title":{"rendered":"Coco Plug Coconut Substrate 12-22 mm (4.5kg)"},"content":{"rendered":"<p><strong>PREMIUM grade coconut chips<\/strong><\/p>\n<p>Coco Plug is a high-quality substrate made from coconut husk, Premium grade, ideal for snakes, bearded dragons, chameleons, turtles, geckos and other lizards.<\/p>\n<p><strong>PREMIUM grade coconut chips advantages:<\/strong><\/p>\n<ul>\n<li>triple washed<\/li>\n<li>high odor absorption<\/li>\n<li>excellent moisture retention<\/li>\n<li>dust-free<\/li>\n<li>100% ecological<\/li>\n<li>low sodium content<\/li>\n<li>safe for your pets<\/li>\n<li>consistent quality<\/li>\n<\/ul>\n<p>After preparing the 4.5 kg package according to the manufacturer&#8217;s guidelines, you get over 55 &#8211; 65 L of product.<\/p>\n<p><strong>Packaging:<\/strong><\/p>\n<ul>\n<li>Chip thickness 12-22 mm<\/li>\n<li>Available in 4.5 kg blocks of compressed substrate.<\/li>\n<\/ul>\n<p><strong>Preparation:<\/strong><br \/>&#8211; a 100-liter container is useful for preparing one package, a construction bucket can be used<br \/>&#8211; place in the container and remove the foil from the top<br \/>&#8211; remove the label<br \/>&#8211; pour 3 liters of lukewarm water<br \/>&#8211; wait 15-20 minutes<br \/>&#8211; add 1-2 liters depending on the desired moisture level<br \/>&#8211; wait 15-20 minutes<br \/>&#8211; cut the rest of the packaging, pour out, sometimes manually crush any lumps<br \/>&#8211; mix and it&#8217;s ready<br \/>&#8211; if the prepared coconut is too moist, leave in a warm place for 12-24 hours, stirring occasionally<\/p>\n<p>If you have too much prepared substrate left, leave it in a warm place, stir 1-2 times a day, so the substrate can evaporate excess moisture. The box must not be tightly closed.<\/p>\n","protected":false},"excerpt":{"rendered":"<p>Coco Plug is a high-quality substrate made from coconut husk, Premium grade, ideal for snakes, bearded dragons, chameleons, turtles, geckos and other lizards.<\/p>\n","protected":false},"featured_media":4592,"comment_status":"open","ping_status":"closed","template":"","meta":[],"product_brand":[],"product_cat":[214,215,217,218],"product_tag":[],"class_list":{"0":"post-4325","1":"product","2":"type-product","3":"status-publish","4":"has-post-thumbnail","6":"product_cat-reptile-substrates-en","7":"product_cat-substrates-for-geckos-en","8":"product_cat-substrates-for-snails-en","9":"product_cat-substrates-for-snakes-en","11":"first","12":"instock","13":"taxable","14":"shipping-taxable","15":"product-type-simple"},"yoast_head":"<!-- This site is optimized with the Yoast SEO plugin v27.6 - https:\/\/yoast.com\/product\/yoast-seo-wordpress\/ -->\n<title>Coco Plug Coconut Substrate 12-22 mm (4.5kg) - Reptishop.pl<\/title>\n<meta name=\"robots\" content=\"index, follow, max-snippet:-1, max-image-preview:large, max-video-preview:-1\" \/>\n<link rel=\"canonical\" href=\"https:\/\/reptishop.pl\/produkt\/podloze-kokosowe-coco-plug-12-22-mm-45kg\/\" \/>\n<meta property=\"og:locale\" content=\"en_US\" \/>\n<meta property=\"og:type\" content=\"article\" \/>\n<meta property=\"og:title\" content=\"Coco Plug Coconut Substrate 12-22 mm (4.5kg) - Reptishop.pl\" \/>\n<meta property=\"og:description\" content=\"Coco Plug is a high-quality substrate made from coconut husk, Premium grade, ideal for snakes, bearded dragons, chameleons, turtles, geckos and other lizards.\" \/>\n<meta property=\"og:url\" content=\"https:\/\/reptishop.pl\/produkt\/podloze-kokosowe-coco-plug-12-22-mm-45kg\/\" \/>\n<meta property=\"og:site_name\" content=\"Reptishop.pl\" \/>\n<meta property=\"article:modified_time\" content=\"2026-04-30T12:48:15+00:00\" \/>\n<meta property=\"og:image\" content=\"https:\/\/reptishop.pl\/wp-content\/uploads\/2026\/04\/coco1222.jpg\" \/>\n\t<meta property=\"og:image:width\" content=\"1080\" \/>\n\t<meta property=\"og:image:height\" content=\"1080\" \/>\n\t<meta property=\"og:image:type\" content=\"image\/jpeg\" \/>\n<meta name=\"twitter:card\" content=\"summary_large_image\" \/>\n<meta name=\"twitter:label1\" content=\"Est. reading time\" \/>\n\t<meta name=\"twitter:data1\" content=\"1 minute\" \/>\n<script type=\"application\/ld+json\" class=\"yoast-schema-graph\">{\"@context\":\"https:\\\/\\\/schema.org\",\"@graph\":[{\"@type\":\"WebPage\",\"@id\":\"https:\\\/\\\/reptishop.pl\\\/produkt\\\/podloze-kokosowe-coco-plug-12-22-mm-45kg\\\/\",\"url\":\"https:\\\/\\\/reptishop.pl\\\/produkt\\\/podloze-kokosowe-coco-plug-12-22-mm-45kg\\\/\",\"name\":\"Coco Plug Coconut Substrate 12-22 mm (4.5kg) - Reptishop.pl\",\"isPartOf\":{\"@id\":\"https:\\\/\\\/reptishop.pl\\\/#website\"},\"primaryImageOfPage\":{\"@id\":\"https:\\\/\\\/reptishop.pl\\\/produkt\\\/podloze-kokosowe-coco-plug-12-22-mm-45kg\\\/#primaryimage\"},\"image\":{\"@id\":\"https:\\\/\\\/reptishop.pl\\\/produkt\\\/podloze-kokosowe-coco-plug-12-22-mm-45kg\\\/#primaryimage\"},\"thumbnailUrl\":\"https:\\\/\\\/reptishop.pl\\\/wp-content\\\/uploads\\\/2026\\\/04\\\/coco1222.jpg\",\"datePublished\":\"2026-04-16T21:16:39+00:00\",\"dateModified\":\"2026-04-30T12:48:15+00:00\",\"breadcrumb\":{\"@id\":\"https:\\\/\\\/reptishop.pl\\\/produkt\\\/podloze-kokosowe-coco-plug-12-22-mm-45kg\\\/#breadcrumb\"},\"inLanguage\":\"en-US\",\"potentialAction\":[{\"@type\":\"ReadAction\",\"target\":[\"https:\\\/\\\/reptishop.pl\\\/produkt\\\/podloze-kokosowe-coco-plug-12-22-mm-45kg\\\/\"]}]},{\"@type\":\"ImageObject\",\"inLanguage\":\"en-US\",\"@id\":\"https:\\\/\\\/reptishop.pl\\\/produkt\\\/podloze-kokosowe-coco-plug-12-22-mm-45kg\\\/#primaryimage\",\"url\":\"https:\\\/\\\/reptishop.pl\\\/wp-content\\\/uploads\\\/2026\\\/04\\\/coco1222.jpg\",\"contentUrl\":\"https:\\\/\\\/reptishop.pl\\\/wp-content\\\/uploads\\\/2026\\\/04\\\/coco1222.jpg\",\"width\":1080,\"height\":1080,\"caption\":\"Pod\u0142o\u017ce kokosowe Coco Plug 12-22 mm (4,5kg)\"},{\"@type\":\"BreadcrumbList\",\"@id\":\"https:\\\/\\\/reptishop.pl\\\/produkt\\\/podloze-kokosowe-coco-plug-12-22-mm-45kg\\\/#breadcrumb\",\"itemListElement\":[{\"@type\":\"ListItem\",\"position\":1,\"name\":\"Home\",\"item\":\"https:\\\/\\\/reptishop.pl\\\/en\\\/home-en\\\/\"},{\"@type\":\"ListItem\",\"position\":2,\"name\":\"Shop\",\"item\":\"https:\\\/\\\/reptishop.pl\\\/en\\\/shop\\\/\"},{\"@type\":\"ListItem\",\"position\":3,\"name\":\"Coco Plug Coconut Substrate 12-22 mm (4.5kg)\"}]},{\"@type\":\"WebSite\",\"@id\":\"https:\\\/\\\/reptishop.pl\\\/#website\",\"url\":\"https:\\\/\\\/reptishop.pl\\\/\",\"name\":\"Reptishop.pl\",\"description\":\"Sklep dla hodowc\u00f3w gad\u00f3w i p\u0142az\u00f3w\",\"publisher\":{\"@id\":\"https:\\\/\\\/reptishop.pl\\\/#organization\"},\"potentialAction\":[{\"@type\":\"SearchAction\",\"target\":{\"@type\":\"EntryPoint\",\"urlTemplate\":\"https:\\\/\\\/reptishop.pl\\\/?s={search_term_string}\"},\"query-input\":{\"@type\":\"PropertyValueSpecification\",\"valueRequired\":true,\"valueName\":\"search_term_string\"}}],\"inLanguage\":\"en-US\"},{\"@type\":\"Organization\",\"@id\":\"https:\\\/\\\/reptishop.pl\\\/#organization\",\"name\":\"Reptishop.pl\",\"url\":\"https:\\\/\\\/reptishop.pl\\\/\",\"logo\":{\"@type\":\"ImageObject\",\"inLanguage\":\"en-US\",\"@id\":\"https:\\\/\\\/reptishop.pl\\\/#\\\/schema\\\/logo\\\/image\\\/\",\"url\":\"https:\\\/\\\/reptishop.pl\\\/wp-content\\\/uploads\\\/2026\\\/04\\\/logo-reptishop-transparent.png\",\"contentUrl\":\"https:\\\/\\\/reptishop.pl\\\/wp-content\\\/uploads\\\/2026\\\/04\\\/logo-reptishop-transparent.png\",\"width\":600,\"height\":218,\"caption\":\"Reptishop.pl\"},\"image\":{\"@id\":\"https:\\\/\\\/reptishop.pl\\\/#\\\/schema\\\/logo\\\/image\\\/\"}}]}<\/script>\n<!-- \/ Yoast SEO plugin. -->","yoast_head_json":{"title":"Coco Plug Coconut Substrate 12-22 mm (4.5kg) - Reptishop.pl","robots":{"index":"index","follow":"follow","max-snippet":"max-snippet:-1","max-image-preview":"max-image-preview:large","max-video-preview":"max-video-preview:-1"},"canonical":"https:\/\/reptishop.pl\/produkt\/podloze-kokosowe-coco-plug-12-22-mm-45kg\/","og_locale":"en_US","og_type":"article","og_title":"Coco Plug Coconut Substrate 12-22 mm (4.5kg) - Reptishop.pl","og_description":"Coco Plug is a high-quality substrate made from coconut husk, Premium grade, ideal for snakes, bearded dragons, chameleons, turtles, geckos and other lizards.","og_url":"https:\/\/reptishop.pl\/produkt\/podloze-kokosowe-coco-plug-12-22-mm-45kg\/","og_site_name":"Reptishop.pl","article_modified_time":"2026-04-30T12:48:15+00:00","og_image":[{"width":1080,"height":1080,"url":"https:\/\/reptishop.pl\/wp-content\/uploads\/2026\/04\/coco1222.jpg","type":"image\/jpeg"}],"twitter_card":"summary_large_image","twitter_misc":{"Est. reading time":"1 minute"},"schema":{"@context":"https:\/\/schema.org","@graph":[{"@type":"WebPage","@id":"https:\/\/reptishop.pl\/produkt\/podloze-kokosowe-coco-plug-12-22-mm-45kg\/","url":"https:\/\/reptishop.pl\/produkt\/podloze-kokosowe-coco-plug-12-22-mm-45kg\/","name":"Coco Plug Coconut Substrate 12-22 mm (4.5kg) - Reptishop.pl","isPartOf":{"@id":"https:\/\/reptishop.pl\/#website"},"primaryImageOfPage":{"@id":"https:\/\/reptishop.pl\/produkt\/podloze-kokosowe-coco-plug-12-22-mm-45kg\/#primaryimage"},"image":{"@id":"https:\/\/reptishop.pl\/produkt\/podloze-kokosowe-coco-plug-12-22-mm-45kg\/#primaryimage"},"thumbnailUrl":"https:\/\/reptishop.pl\/wp-content\/uploads\/2026\/04\/coco1222.jpg","datePublished":"2026-04-16T21:16:39+00:00","dateModified":"2026-04-30T12:48:15+00:00","breadcrumb":{"@id":"https:\/\/reptishop.pl\/produkt\/podloze-kokosowe-coco-plug-12-22-mm-45kg\/#breadcrumb"},"inLanguage":"en-US","potentialAction":[{"@type":"ReadAction","target":["https:\/\/reptishop.pl\/produkt\/podloze-kokosowe-coco-plug-12-22-mm-45kg\/"]}]},{"@type":"ImageObject","inLanguage":"en-US","@id":"https:\/\/reptishop.pl\/produkt\/podloze-kokosowe-coco-plug-12-22-mm-45kg\/#primaryimage","url":"https:\/\/reptishop.pl\/wp-content\/uploads\/2026\/04\/coco1222.jpg","contentUrl":"https:\/\/reptishop.pl\/wp-content\/uploads\/2026\/04\/coco1222.jpg","width":1080,"height":1080,"caption":"Pod\u0142o\u017ce kokosowe Coco Plug 12-22 mm (4,5kg)"},{"@type":"BreadcrumbList","@id":"https:\/\/reptishop.pl\/produkt\/podloze-kokosowe-coco-plug-12-22-mm-45kg\/#breadcrumb","itemListElement":[{"@type":"ListItem","position":1,"name":"Home","item":"https:\/\/reptishop.pl\/en\/home-en\/"},{"@type":"ListItem","position":2,"name":"Shop","item":"https:\/\/reptishop.pl\/en\/shop\/"},{"@type":"ListItem","position":3,"name":"Coco Plug Coconut Substrate 12-22 mm (4.5kg)"}]},{"@type":"WebSite","@id":"https:\/\/reptishop.pl\/#website","url":"https:\/\/reptishop.pl\/","name":"Reptishop.pl","description":"Sklep dla hodowc\u00f3w gad\u00f3w i p\u0142az\u00f3w","publisher":{"@id":"https:\/\/reptishop.pl\/#organization"},"potentialAction":[{"@type":"SearchAction","target":{"@type":"EntryPoint","urlTemplate":"https:\/\/reptishop.pl\/?s={search_term_string}"},"query-input":{"@type":"PropertyValueSpecification","valueRequired":true,"valueName":"search_term_string"}}],"inLanguage":"en-US"},{"@type":"Organization","@id":"https:\/\/reptishop.pl\/#organization","name":"Reptishop.pl","url":"https:\/\/reptishop.pl\/","logo":{"@type":"ImageObject","inLanguage":"en-US","@id":"https:\/\/reptishop.pl\/#\/schema\/logo\/image\/","url":"https:\/\/reptishop.pl\/wp-content\/uploads\/2026\/04\/logo-reptishop-transparent.png","contentUrl":"https:\/\/reptishop.pl\/wp-content\/uploads\/2026\/04\/logo-reptishop-transparent.png","width":600,"height":218,"caption":"Reptishop.pl"},"image":{"@id":"https:\/\/reptishop.pl\/#\/schema\/logo\/image\/"}}]}},"_links":{"self":[{"href":"https:\/\/reptishop.pl\/en\/wp-json\/wp\/v2\/product\/4325","targetHints":{"allow":["GET"]}}],"collection":[{"href":"https:\/\/reptishop.pl\/en\/wp-json\/wp\/v2\/product"}],"about":[{"href":"https:\/\/reptishop.pl\/en\/wp-json\/wp\/v2\/types\/product"}],"replies":[{"embeddable":true,"href":"https:\/\/reptishop.pl\/en\/wp-json\/wp\/v2\/comments?post=4325"}],"wp:featuredmedia":[{"embeddable":true,"href":"https:\/\/reptishop.pl\/en\/wp-json\/wp\/v2\/media\/4592"}],"wp:attachment":[{"href":"https:\/\/reptishop.pl\/en\/wp-json\/wp\/v2\/media?parent=4325"}],"wp:term":[{"taxonomy":"product_brand","embeddable":true,"href":"https:\/\/reptishop.pl\/en\/wp-json\/wp\/v2\/product_brand?post=4325"},{"taxonomy":"product_cat","embeddable":true,"href":"https:\/\/reptishop.pl\/en\/wp-json\/wp\/v2\/product_cat?post=4325"},{"taxonomy":"product_tag","embeddable":true,"href":"https:\/\/reptishop.pl\/en\/wp-json\/wp\/v2\/product_tag?post=4325"}],"curies":[{"name":"wp","href":"https:\/\/api.w.org\/{rel}","templated":true}]}}