{"id":4550,"date":"2026-04-17T08:05:35","date_gmt":"2026-04-17T06:05:35","guid":{"rendered":"https:\/\/reptishop.pl\/produkt\/regal-hodowlany-classic-wrs40-pietro-en\/"},"modified":"2026-05-12T14:58:08","modified_gmt":"2026-05-12T12:58:08","slug":"regal-hodowlany-classic-wrs40-pietro-en","status":"publish","type":"product","link":"https:\/\/reptishop.pl\/en\/produkt\/regal-hodowlany-classic-wrs40-pietro-en\/","title":{"rendered":"Classic WRS40 breeding rack (level)"},"content":{"rendered":"<p><strong>Classic WRS40 (level)<\/strong><\/p>\n<p>Number of levels: 1 (2 boxes per level).<br \/>Construction: made of anodized aluminum and PVC connectors<br \/>Shelf: ventilated on 1\/3 of the surface, made of PVC<br \/>Boxes: set of WRS40 boxes, dimensions 845x330x135 mm (4 variants to choose from)<br \/>Heating mat: heating mat<\/p>\n","protected":false},"excerpt":{"rendered":"<p>Classic WRS40 (level) Number of levels: 1 (2 boxes per level).Construction: made of anodized aluminum and PVC connectorsShelf: ventilated on 1\/3 of the surface, made of PVCBoxes: set of WRS40 boxes, dimensions 845x330x135 mm (4 variants to choose from)Heating mat: heating mat<\/p>\n","protected":false},"featured_media":4815,"comment_status":"open","ping_status":"closed","template":"","meta":[],"product_brand":[],"product_cat":[270,226,267],"product_tag":[],"class_list":{"0":"post-4550","1":"product","2":"type-product","3":"status-publish","4":"has-post-thumbnail","6":"product_cat-classic-wrs-40","7":"product_cat-reptile-breeding-racks-en","8":"product_cat-wrs-classic-racks","10":"first","11":"instock","12":"taxable","13":"shipping-taxable","14":"purchasable","15":"product-type-variable"},"yoast_head":"<!-- This site is optimized with the Yoast SEO plugin v27.6 - https:\/\/yoast.com\/product\/yoast-seo-wordpress\/ -->\n<title>Classic WRS40 breeding rack (level) - Reptishop.pl<\/title>\n<meta name=\"robots\" content=\"index, follow, max-snippet:-1, max-image-preview:large, max-video-preview:-1\" \/>\n<link rel=\"canonical\" href=\"https:\/\/reptishop.pl\/produkt\/regal-hodowlany-classic-wrs40-pietro\/\" \/>\n<meta property=\"og:locale\" content=\"en_US\" \/>\n<meta property=\"og:type\" content=\"article\" \/>\n<meta property=\"og:title\" content=\"Classic WRS40 breeding rack (level) - Reptishop.pl\" \/>\n<meta property=\"og:description\" content=\"Classic WRS40 (level) Number of levels: 1 (2 boxes per level).Construction: made of anodized aluminum and PVC connectorsShelf: ventilated on 1\/3 of the surface, made of PVCBoxes: set of WRS40 boxes, dimensions 845x330x135 mm (4 variants to choose from)Heating mat: heating mat\" \/>\n<meta property=\"og:url\" content=\"https:\/\/reptishop.pl\/produkt\/regal-hodowlany-classic-wrs40-pietro\/\" \/>\n<meta property=\"og:site_name\" content=\"Reptishop.pl\" \/>\n<meta property=\"article:modified_time\" content=\"2026-05-12T12:58:08+00:00\" \/>\n<meta property=\"og:image\" content=\"https:\/\/reptishop.pl\/wp-content\/uploads\/2026\/04\/SON00038-scaled.webp\" \/>\n\t<meta property=\"og:image:width\" content=\"2560\" \/>\n\t<meta property=\"og:image:height\" content=\"1920\" \/>\n\t<meta property=\"og:image:type\" content=\"image\/webp\" \/>\n<meta name=\"twitter:card\" content=\"summary_large_image\" \/>\n<script type=\"application\/ld+json\" class=\"yoast-schema-graph\">{\"@context\":\"https:\\\/\\\/schema.org\",\"@graph\":[{\"@type\":\"WebPage\",\"@id\":\"https:\\\/\\\/reptishop.pl\\\/produkt\\\/regal-hodowlany-classic-wrs40-pietro\\\/\",\"url\":\"https:\\\/\\\/reptishop.pl\\\/produkt\\\/regal-hodowlany-classic-wrs40-pietro\\\/\",\"name\":\"Classic WRS40 breeding rack (level) - Reptishop.pl\",\"isPartOf\":{\"@id\":\"https:\\\/\\\/reptishop.pl\\\/#website\"},\"primaryImageOfPage\":{\"@id\":\"https:\\\/\\\/reptishop.pl\\\/produkt\\\/regal-hodowlany-classic-wrs40-pietro\\\/#primaryimage\"},\"image\":{\"@id\":\"https:\\\/\\\/reptishop.pl\\\/produkt\\\/regal-hodowlany-classic-wrs40-pietro\\\/#primaryimage\"},\"thumbnailUrl\":\"https:\\\/\\\/reptishop.pl\\\/wp-content\\\/uploads\\\/2026\\\/04\\\/SON00038-scaled.webp\",\"datePublished\":\"2026-04-17T06:05:35+00:00\",\"dateModified\":\"2026-05-12T12:58:08+00:00\",\"breadcrumb\":{\"@id\":\"https:\\\/\\\/reptishop.pl\\\/produkt\\\/regal-hodowlany-classic-wrs40-pietro\\\/#breadcrumb\"},\"inLanguage\":\"en-US\",\"potentialAction\":[{\"@type\":\"ReadAction\",\"target\":[\"https:\\\/\\\/reptishop.pl\\\/produkt\\\/regal-hodowlany-classic-wrs40-pietro\\\/\"]}]},{\"@type\":\"ImageObject\",\"inLanguage\":\"en-US\",\"@id\":\"https:\\\/\\\/reptishop.pl\\\/produkt\\\/regal-hodowlany-classic-wrs40-pietro\\\/#primaryimage\",\"url\":\"https:\\\/\\\/reptishop.pl\\\/wp-content\\\/uploads\\\/2026\\\/04\\\/SON00038-scaled.webp\",\"contentUrl\":\"https:\\\/\\\/reptishop.pl\\\/wp-content\\\/uploads\\\/2026\\\/04\\\/SON00038-scaled.webp\",\"width\":2560,\"height\":1920,\"caption\":\"Rega\u0142 hodowlany Classic WRS40 (pi\u0119tro)\"},{\"@type\":\"BreadcrumbList\",\"@id\":\"https:\\\/\\\/reptishop.pl\\\/produkt\\\/regal-hodowlany-classic-wrs40-pietro\\\/#breadcrumb\",\"itemListElement\":[{\"@type\":\"ListItem\",\"position\":1,\"name\":\"Home\",\"item\":\"https:\\\/\\\/reptishop.pl\\\/en\\\/home-en\\\/\"},{\"@type\":\"ListItem\",\"position\":2,\"name\":\"Shop\",\"item\":\"https:\\\/\\\/reptishop.pl\\\/en\\\/shop\\\/\"},{\"@type\":\"ListItem\",\"position\":3,\"name\":\"Classic WRS40 breeding rack (level)\"}]},{\"@type\":\"WebSite\",\"@id\":\"https:\\\/\\\/reptishop.pl\\\/#website\",\"url\":\"https:\\\/\\\/reptishop.pl\\\/\",\"name\":\"Reptishop.pl\",\"description\":\"Sklep dla hodowc\u00f3w gad\u00f3w i p\u0142az\u00f3w\",\"publisher\":{\"@id\":\"https:\\\/\\\/reptishop.pl\\\/#organization\"},\"potentialAction\":[{\"@type\":\"SearchAction\",\"target\":{\"@type\":\"EntryPoint\",\"urlTemplate\":\"https:\\\/\\\/reptishop.pl\\\/?s={search_term_string}\"},\"query-input\":{\"@type\":\"PropertyValueSpecification\",\"valueRequired\":true,\"valueName\":\"search_term_string\"}}],\"inLanguage\":\"en-US\"},{\"@type\":\"Organization\",\"@id\":\"https:\\\/\\\/reptishop.pl\\\/#organization\",\"name\":\"Reptishop.pl\",\"url\":\"https:\\\/\\\/reptishop.pl\\\/\",\"logo\":{\"@type\":\"ImageObject\",\"inLanguage\":\"en-US\",\"@id\":\"https:\\\/\\\/reptishop.pl\\\/#\\\/schema\\\/logo\\\/image\\\/\",\"url\":\"https:\\\/\\\/reptishop.pl\\\/wp-content\\\/uploads\\\/2026\\\/04\\\/logo-reptishop-transparent.png\",\"contentUrl\":\"https:\\\/\\\/reptishop.pl\\\/wp-content\\\/uploads\\\/2026\\\/04\\\/logo-reptishop-transparent.png\",\"width\":600,\"height\":218,\"caption\":\"Reptishop.pl\"},\"image\":{\"@id\":\"https:\\\/\\\/reptishop.pl\\\/#\\\/schema\\\/logo\\\/image\\\/\"}}]}<\/script>\n<!-- \/ Yoast SEO plugin. -->","yoast_head_json":{"title":"Classic WRS40 breeding rack (level) - Reptishop.pl","robots":{"index":"index","follow":"follow","max-snippet":"max-snippet:-1","max-image-preview":"max-image-preview:large","max-video-preview":"max-video-preview:-1"},"canonical":"https:\/\/reptishop.pl\/produkt\/regal-hodowlany-classic-wrs40-pietro\/","og_locale":"en_US","og_type":"article","og_title":"Classic WRS40 breeding rack (level) - Reptishop.pl","og_description":"Classic WRS40 (level) Number of levels: 1 (2 boxes per level).Construction: made of anodized aluminum and PVC connectorsShelf: ventilated on 1\/3 of the surface, made of PVCBoxes: set of WRS40 boxes, dimensions 845x330x135 mm (4 variants to choose from)Heating mat: heating mat","og_url":"https:\/\/reptishop.pl\/produkt\/regal-hodowlany-classic-wrs40-pietro\/","og_site_name":"Reptishop.pl","article_modified_time":"2026-05-12T12:58:08+00:00","og_image":[{"width":2560,"height":1920,"url":"https:\/\/reptishop.pl\/wp-content\/uploads\/2026\/04\/SON00038-scaled.webp","type":"image\/webp"}],"twitter_card":"summary_large_image","schema":{"@context":"https:\/\/schema.org","@graph":[{"@type":"WebPage","@id":"https:\/\/reptishop.pl\/produkt\/regal-hodowlany-classic-wrs40-pietro\/","url":"https:\/\/reptishop.pl\/produkt\/regal-hodowlany-classic-wrs40-pietro\/","name":"Classic WRS40 breeding rack (level) - Reptishop.pl","isPartOf":{"@id":"https:\/\/reptishop.pl\/#website"},"primaryImageOfPage":{"@id":"https:\/\/reptishop.pl\/produkt\/regal-hodowlany-classic-wrs40-pietro\/#primaryimage"},"image":{"@id":"https:\/\/reptishop.pl\/produkt\/regal-hodowlany-classic-wrs40-pietro\/#primaryimage"},"thumbnailUrl":"https:\/\/reptishop.pl\/wp-content\/uploads\/2026\/04\/SON00038-scaled.webp","datePublished":"2026-04-17T06:05:35+00:00","dateModified":"2026-05-12T12:58:08+00:00","breadcrumb":{"@id":"https:\/\/reptishop.pl\/produkt\/regal-hodowlany-classic-wrs40-pietro\/#breadcrumb"},"inLanguage":"en-US","potentialAction":[{"@type":"ReadAction","target":["https:\/\/reptishop.pl\/produkt\/regal-hodowlany-classic-wrs40-pietro\/"]}]},{"@type":"ImageObject","inLanguage":"en-US","@id":"https:\/\/reptishop.pl\/produkt\/regal-hodowlany-classic-wrs40-pietro\/#primaryimage","url":"https:\/\/reptishop.pl\/wp-content\/uploads\/2026\/04\/SON00038-scaled.webp","contentUrl":"https:\/\/reptishop.pl\/wp-content\/uploads\/2026\/04\/SON00038-scaled.webp","width":2560,"height":1920,"caption":"Rega\u0142 hodowlany Classic WRS40 (pi\u0119tro)"},{"@type":"BreadcrumbList","@id":"https:\/\/reptishop.pl\/produkt\/regal-hodowlany-classic-wrs40-pietro\/#breadcrumb","itemListElement":[{"@type":"ListItem","position":1,"name":"Home","item":"https:\/\/reptishop.pl\/en\/home-en\/"},{"@type":"ListItem","position":2,"name":"Shop","item":"https:\/\/reptishop.pl\/en\/shop\/"},{"@type":"ListItem","position":3,"name":"Classic WRS40 breeding rack (level)"}]},{"@type":"WebSite","@id":"https:\/\/reptishop.pl\/#website","url":"https:\/\/reptishop.pl\/","name":"Reptishop.pl","description":"Sklep dla hodowc\u00f3w gad\u00f3w i p\u0142az\u00f3w","publisher":{"@id":"https:\/\/reptishop.pl\/#organization"},"potentialAction":[{"@type":"SearchAction","target":{"@type":"EntryPoint","urlTemplate":"https:\/\/reptishop.pl\/?s={search_term_string}"},"query-input":{"@type":"PropertyValueSpecification","valueRequired":true,"valueName":"search_term_string"}}],"inLanguage":"en-US"},{"@type":"Organization","@id":"https:\/\/reptishop.pl\/#organization","name":"Reptishop.pl","url":"https:\/\/reptishop.pl\/","logo":{"@type":"ImageObject","inLanguage":"en-US","@id":"https:\/\/reptishop.pl\/#\/schema\/logo\/image\/","url":"https:\/\/reptishop.pl\/wp-content\/uploads\/2026\/04\/logo-reptishop-transparent.png","contentUrl":"https:\/\/reptishop.pl\/wp-content\/uploads\/2026\/04\/logo-reptishop-transparent.png","width":600,"height":218,"caption":"Reptishop.pl"},"image":{"@id":"https:\/\/reptishop.pl\/#\/schema\/logo\/image\/"}}]}},"_links":{"self":[{"href":"https:\/\/reptishop.pl\/en\/wp-json\/wp\/v2\/product\/4550","targetHints":{"allow":["GET"]}}],"collection":[{"href":"https:\/\/reptishop.pl\/en\/wp-json\/wp\/v2\/product"}],"about":[{"href":"https:\/\/reptishop.pl\/en\/wp-json\/wp\/v2\/types\/product"}],"replies":[{"embeddable":true,"href":"https:\/\/reptishop.pl\/en\/wp-json\/wp\/v2\/comments?post=4550"}],"wp:featuredmedia":[{"embeddable":true,"href":"https:\/\/reptishop.pl\/en\/wp-json\/wp\/v2\/media\/4815"}],"wp:attachment":[{"href":"https:\/\/reptishop.pl\/en\/wp-json\/wp\/v2\/media?parent=4550"}],"wp:term":[{"taxonomy":"product_brand","embeddable":true,"href":"https:\/\/reptishop.pl\/en\/wp-json\/wp\/v2\/product_brand?post=4550"},{"taxonomy":"product_cat","embeddable":true,"href":"https:\/\/reptishop.pl\/en\/wp-json\/wp\/v2\/product_cat?post=4550"},{"taxonomy":"product_tag","embeddable":true,"href":"https:\/\/reptishop.pl\/en\/wp-json\/wp\/v2\/product_tag?post=4550"}],"curies":[{"name":"wp","href":"https:\/\/api.w.org\/{rel}","templated":true}]}}