{"id":4555,"date":"2026-04-17T08:06:30","date_gmt":"2026-04-17T06:06:30","guid":{"rendered":"https:\/\/reptishop.pl\/produkt\/classic-wrs70-1-pion-10-pieter-en\/"},"modified":"2026-05-12T14:58:02","modified_gmt":"2026-05-12T12:58:02","slug":"classic-wrs70-1-pion-10-pieter-en","status":"publish","type":"product","link":"https:\/\/reptishop.pl\/en\/produkt\/classic-wrs70-1-pion-10-pieter-en\/","title":{"rendered":"Classic WRS70 (1 Column, 10 Tiers)"},"content":{"rendered":"<p><span style=\"font-size:14px\"><strong>Classic WRS70 (1 column, 10 tiers)<\/strong><\/p>\n<p>Rack intended for reptile breeding, based on <strong>WRS70<\/strong> boxes<\/p>\n<p><strong>Complete Rack System:<\/strong><br \/>Number of tiers: 10 (1 box per tier). Possibility to purchase additional tiers<br \/>Construction: made of anodized aluminum and PVC connectors<br \/>Shelves: ventilated on 1\/3 of the surface, made of hardened foamed PVC<br \/>Boxes: set of WRS70 boxes, dimensions 845x440x135mm (4 variants to choose from)<br \/>Wheels: wheel system, including front wheels with brake<br \/>Heating mats: with a set of heating mats (26 cm)<\/p>\n<p>Due to its size, the product is for pickup or delivery on a pallet.<\/span><\/p>\n","protected":false},"excerpt":{"rendered":"<p>Classic WRS70 (1 column, 10 tiers) Rack intended for reptile breeding, based on WRS70 boxes Complete Rack System:Number of tiers: 10 (1 box per tier). Possibility to purchase additional tiersConstruction: made of anodized aluminum and PVC connectorsShelves: ventilated on 1\/3 of the surface, made of hardened foamed PVCBoxes: set of WRS70 boxes, dimensions 845x440x135mm (4 [&hellip;]<\/p>\n","protected":false},"featured_media":4820,"comment_status":"open","ping_status":"closed","template":"","meta":[],"product_brand":[],"product_cat":[271,226,267],"product_tag":[],"class_list":{"0":"post-4555","1":"product","2":"type-product","3":"status-publish","4":"has-post-thumbnail","6":"product_cat-classic-wrs-70","7":"product_cat-reptile-breeding-racks-en","8":"product_cat-wrs-classic-racks","10":"first","11":"instock","12":"taxable","13":"shipping-taxable","14":"purchasable","15":"product-type-variable"},"yoast_head":"<!-- This site is optimized with the Yoast SEO plugin v27.6 - https:\/\/yoast.com\/product\/yoast-seo-wordpress\/ -->\n<title>Classic WRS70 (1 Column, 10 Tiers) - Reptishop.pl<\/title>\n<meta name=\"robots\" content=\"index, follow, max-snippet:-1, max-image-preview:large, max-video-preview:-1\" \/>\n<link rel=\"canonical\" href=\"https:\/\/reptishop.pl\/produkt\/classic-wrs70-1-pion-10-pieter\/\" \/>\n<meta property=\"og:locale\" content=\"en_US\" \/>\n<meta property=\"og:type\" content=\"article\" \/>\n<meta property=\"og:title\" content=\"Classic WRS70 (1 Column, 10 Tiers) - Reptishop.pl\" \/>\n<meta property=\"og:description\" content=\"Classic WRS70 (1 column, 10 tiers) Rack intended for reptile breeding, based on WRS70 boxes Complete Rack System:Number of tiers: 10 (1 box per tier). Possibility to purchase additional tiersConstruction: made of anodized aluminum and PVC connectorsShelves: ventilated on 1\/3 of the surface, made of hardened foamed PVCBoxes: set of WRS70 boxes, dimensions 845x440x135mm (4 [&hellip;]\" \/>\n<meta property=\"og:url\" content=\"https:\/\/reptishop.pl\/produkt\/classic-wrs70-1-pion-10-pieter\/\" \/>\n<meta property=\"og:site_name\" content=\"Reptishop.pl\" \/>\n<meta property=\"article:modified_time\" content=\"2026-05-12T12:58:02+00:00\" \/>\n<meta property=\"og:image\" content=\"https:\/\/reptishop.pl\/wp-content\/uploads\/2026\/04\/SmartSelect_20221121_163607_Facebook.webp\" \/>\n\t<meta property=\"og:image:width\" content=\"478\" \/>\n\t<meta property=\"og:image:height\" content=\"980\" \/>\n\t<meta property=\"og:image:type\" content=\"image\/webp\" \/>\n<meta name=\"twitter:card\" content=\"summary_large_image\" \/>\n<script type=\"application\/ld+json\" class=\"yoast-schema-graph\">{\"@context\":\"https:\\\/\\\/schema.org\",\"@graph\":[{\"@type\":\"WebPage\",\"@id\":\"https:\\\/\\\/reptishop.pl\\\/produkt\\\/classic-wrs70-1-pion-10-pieter\\\/\",\"url\":\"https:\\\/\\\/reptishop.pl\\\/produkt\\\/classic-wrs70-1-pion-10-pieter\\\/\",\"name\":\"Classic WRS70 (1 Column, 10 Tiers) - Reptishop.pl\",\"isPartOf\":{\"@id\":\"https:\\\/\\\/reptishop.pl\\\/#website\"},\"primaryImageOfPage\":{\"@id\":\"https:\\\/\\\/reptishop.pl\\\/produkt\\\/classic-wrs70-1-pion-10-pieter\\\/#primaryimage\"},\"image\":{\"@id\":\"https:\\\/\\\/reptishop.pl\\\/produkt\\\/classic-wrs70-1-pion-10-pieter\\\/#primaryimage\"},\"thumbnailUrl\":\"https:\\\/\\\/reptishop.pl\\\/wp-content\\\/uploads\\\/2026\\\/04\\\/SmartSelect_20221121_163607_Facebook.webp\",\"datePublished\":\"2026-04-17T06:06:30+00:00\",\"dateModified\":\"2026-05-12T12:58:02+00:00\",\"breadcrumb\":{\"@id\":\"https:\\\/\\\/reptishop.pl\\\/produkt\\\/classic-wrs70-1-pion-10-pieter\\\/#breadcrumb\"},\"inLanguage\":\"en-US\",\"potentialAction\":[{\"@type\":\"ReadAction\",\"target\":[\"https:\\\/\\\/reptishop.pl\\\/produkt\\\/classic-wrs70-1-pion-10-pieter\\\/\"]}]},{\"@type\":\"ImageObject\",\"inLanguage\":\"en-US\",\"@id\":\"https:\\\/\\\/reptishop.pl\\\/produkt\\\/classic-wrs70-1-pion-10-pieter\\\/#primaryimage\",\"url\":\"https:\\\/\\\/reptishop.pl\\\/wp-content\\\/uploads\\\/2026\\\/04\\\/SmartSelect_20221121_163607_Facebook.webp\",\"contentUrl\":\"https:\\\/\\\/reptishop.pl\\\/wp-content\\\/uploads\\\/2026\\\/04\\\/SmartSelect_20221121_163607_Facebook.webp\",\"width\":478,\"height\":980,\"caption\":\"Classic WRS70 (1 pion, 10 pi\u0119ter)\"},{\"@type\":\"BreadcrumbList\",\"@id\":\"https:\\\/\\\/reptishop.pl\\\/produkt\\\/classic-wrs70-1-pion-10-pieter\\\/#breadcrumb\",\"itemListElement\":[{\"@type\":\"ListItem\",\"position\":1,\"name\":\"Home\",\"item\":\"https:\\\/\\\/reptishop.pl\\\/en\\\/home-en\\\/\"},{\"@type\":\"ListItem\",\"position\":2,\"name\":\"Shop\",\"item\":\"https:\\\/\\\/reptishop.pl\\\/en\\\/shop\\\/\"},{\"@type\":\"ListItem\",\"position\":3,\"name\":\"Classic WRS70 (1 Column, 10 Tiers)\"}]},{\"@type\":\"WebSite\",\"@id\":\"https:\\\/\\\/reptishop.pl\\\/#website\",\"url\":\"https:\\\/\\\/reptishop.pl\\\/\",\"name\":\"Reptishop.pl\",\"description\":\"Sklep dla hodowc\u00f3w gad\u00f3w i p\u0142az\u00f3w\",\"publisher\":{\"@id\":\"https:\\\/\\\/reptishop.pl\\\/#organization\"},\"potentialAction\":[{\"@type\":\"SearchAction\",\"target\":{\"@type\":\"EntryPoint\",\"urlTemplate\":\"https:\\\/\\\/reptishop.pl\\\/?s={search_term_string}\"},\"query-input\":{\"@type\":\"PropertyValueSpecification\",\"valueRequired\":true,\"valueName\":\"search_term_string\"}}],\"inLanguage\":\"en-US\"},{\"@type\":\"Organization\",\"@id\":\"https:\\\/\\\/reptishop.pl\\\/#organization\",\"name\":\"Reptishop.pl\",\"url\":\"https:\\\/\\\/reptishop.pl\\\/\",\"logo\":{\"@type\":\"ImageObject\",\"inLanguage\":\"en-US\",\"@id\":\"https:\\\/\\\/reptishop.pl\\\/#\\\/schema\\\/logo\\\/image\\\/\",\"url\":\"https:\\\/\\\/reptishop.pl\\\/wp-content\\\/uploads\\\/2026\\\/04\\\/logo-reptishop-transparent.png\",\"contentUrl\":\"https:\\\/\\\/reptishop.pl\\\/wp-content\\\/uploads\\\/2026\\\/04\\\/logo-reptishop-transparent.png\",\"width\":600,\"height\":218,\"caption\":\"Reptishop.pl\"},\"image\":{\"@id\":\"https:\\\/\\\/reptishop.pl\\\/#\\\/schema\\\/logo\\\/image\\\/\"}}]}<\/script>\n<!-- \/ Yoast SEO plugin. -->","yoast_head_json":{"title":"Classic WRS70 (1 Column, 10 Tiers) - Reptishop.pl","robots":{"index":"index","follow":"follow","max-snippet":"max-snippet:-1","max-image-preview":"max-image-preview:large","max-video-preview":"max-video-preview:-1"},"canonical":"https:\/\/reptishop.pl\/produkt\/classic-wrs70-1-pion-10-pieter\/","og_locale":"en_US","og_type":"article","og_title":"Classic WRS70 (1 Column, 10 Tiers) - Reptishop.pl","og_description":"Classic WRS70 (1 column, 10 tiers) Rack intended for reptile breeding, based on WRS70 boxes Complete Rack System:Number of tiers: 10 (1 box per tier). Possibility to purchase additional tiersConstruction: made of anodized aluminum and PVC connectorsShelves: ventilated on 1\/3 of the surface, made of hardened foamed PVCBoxes: set of WRS70 boxes, dimensions 845x440x135mm (4 [&hellip;]","og_url":"https:\/\/reptishop.pl\/produkt\/classic-wrs70-1-pion-10-pieter\/","og_site_name":"Reptishop.pl","article_modified_time":"2026-05-12T12:58:02+00:00","og_image":[{"width":478,"height":980,"url":"https:\/\/reptishop.pl\/wp-content\/uploads\/2026\/04\/SmartSelect_20221121_163607_Facebook.webp","type":"image\/webp"}],"twitter_card":"summary_large_image","schema":{"@context":"https:\/\/schema.org","@graph":[{"@type":"WebPage","@id":"https:\/\/reptishop.pl\/produkt\/classic-wrs70-1-pion-10-pieter\/","url":"https:\/\/reptishop.pl\/produkt\/classic-wrs70-1-pion-10-pieter\/","name":"Classic WRS70 (1 Column, 10 Tiers) - Reptishop.pl","isPartOf":{"@id":"https:\/\/reptishop.pl\/#website"},"primaryImageOfPage":{"@id":"https:\/\/reptishop.pl\/produkt\/classic-wrs70-1-pion-10-pieter\/#primaryimage"},"image":{"@id":"https:\/\/reptishop.pl\/produkt\/classic-wrs70-1-pion-10-pieter\/#primaryimage"},"thumbnailUrl":"https:\/\/reptishop.pl\/wp-content\/uploads\/2026\/04\/SmartSelect_20221121_163607_Facebook.webp","datePublished":"2026-04-17T06:06:30+00:00","dateModified":"2026-05-12T12:58:02+00:00","breadcrumb":{"@id":"https:\/\/reptishop.pl\/produkt\/classic-wrs70-1-pion-10-pieter\/#breadcrumb"},"inLanguage":"en-US","potentialAction":[{"@type":"ReadAction","target":["https:\/\/reptishop.pl\/produkt\/classic-wrs70-1-pion-10-pieter\/"]}]},{"@type":"ImageObject","inLanguage":"en-US","@id":"https:\/\/reptishop.pl\/produkt\/classic-wrs70-1-pion-10-pieter\/#primaryimage","url":"https:\/\/reptishop.pl\/wp-content\/uploads\/2026\/04\/SmartSelect_20221121_163607_Facebook.webp","contentUrl":"https:\/\/reptishop.pl\/wp-content\/uploads\/2026\/04\/SmartSelect_20221121_163607_Facebook.webp","width":478,"height":980,"caption":"Classic WRS70 (1 pion, 10 pi\u0119ter)"},{"@type":"BreadcrumbList","@id":"https:\/\/reptishop.pl\/produkt\/classic-wrs70-1-pion-10-pieter\/#breadcrumb","itemListElement":[{"@type":"ListItem","position":1,"name":"Home","item":"https:\/\/reptishop.pl\/en\/home-en\/"},{"@type":"ListItem","position":2,"name":"Shop","item":"https:\/\/reptishop.pl\/en\/shop\/"},{"@type":"ListItem","position":3,"name":"Classic WRS70 (1 Column, 10 Tiers)"}]},{"@type":"WebSite","@id":"https:\/\/reptishop.pl\/#website","url":"https:\/\/reptishop.pl\/","name":"Reptishop.pl","description":"Sklep dla hodowc\u00f3w gad\u00f3w i p\u0142az\u00f3w","publisher":{"@id":"https:\/\/reptishop.pl\/#organization"},"potentialAction":[{"@type":"SearchAction","target":{"@type":"EntryPoint","urlTemplate":"https:\/\/reptishop.pl\/?s={search_term_string}"},"query-input":{"@type":"PropertyValueSpecification","valueRequired":true,"valueName":"search_term_string"}}],"inLanguage":"en-US"},{"@type":"Organization","@id":"https:\/\/reptishop.pl\/#organization","name":"Reptishop.pl","url":"https:\/\/reptishop.pl\/","logo":{"@type":"ImageObject","inLanguage":"en-US","@id":"https:\/\/reptishop.pl\/#\/schema\/logo\/image\/","url":"https:\/\/reptishop.pl\/wp-content\/uploads\/2026\/04\/logo-reptishop-transparent.png","contentUrl":"https:\/\/reptishop.pl\/wp-content\/uploads\/2026\/04\/logo-reptishop-transparent.png","width":600,"height":218,"caption":"Reptishop.pl"},"image":{"@id":"https:\/\/reptishop.pl\/#\/schema\/logo\/image\/"}}]}},"_links":{"self":[{"href":"https:\/\/reptishop.pl\/en\/wp-json\/wp\/v2\/product\/4555","targetHints":{"allow":["GET"]}}],"collection":[{"href":"https:\/\/reptishop.pl\/en\/wp-json\/wp\/v2\/product"}],"about":[{"href":"https:\/\/reptishop.pl\/en\/wp-json\/wp\/v2\/types\/product"}],"replies":[{"embeddable":true,"href":"https:\/\/reptishop.pl\/en\/wp-json\/wp\/v2\/comments?post=4555"}],"wp:featuredmedia":[{"embeddable":true,"href":"https:\/\/reptishop.pl\/en\/wp-json\/wp\/v2\/media\/4820"}],"wp:attachment":[{"href":"https:\/\/reptishop.pl\/en\/wp-json\/wp\/v2\/media?parent=4555"}],"wp:term":[{"taxonomy":"product_brand","embeddable":true,"href":"https:\/\/reptishop.pl\/en\/wp-json\/wp\/v2\/product_brand?post=4555"},{"taxonomy":"product_cat","embeddable":true,"href":"https:\/\/reptishop.pl\/en\/wp-json\/wp\/v2\/product_cat?post=4555"},{"taxonomy":"product_tag","embeddable":true,"href":"https:\/\/reptishop.pl\/en\/wp-json\/wp\/v2\/product_tag?post=4555"}],"curies":[{"name":"wp","href":"https:\/\/api.w.org\/{rel}","templated":true}]}}