{"id":4562,"date":"2026-04-17T08:11:28","date_gmt":"2026-04-17T06:11:28","guid":{"rendered":"https:\/\/reptishop.pl\/produkt\/karta-podarunkowa-w-euro-en\/"},"modified":"2026-05-07T22:21:06","modified_gmt":"2026-05-07T20:21:06","slug":"karta-podarunkowa-w-euro-en","status":"publish","type":"product","link":"https:\/\/reptishop.pl\/en\/produkt\/karta-podarunkowa-w-euro-en\/","title":{"rendered":"Gift Card (EUR)"},"content":{"rendered":"<p>An electronic gift card with an assigned code for use in our store.<br \/>Cards are available in values of 50 EUR, 100 EUR, 200 EUR, and 500 EUR. <\/p>\n","protected":false},"excerpt":{"rendered":"<p>An electronic gift card with an assigned code for use in our store.Cards are available in values of 50 EUR, 100 EUR, 200 EUR, and 500 EUR.<\/p>\n","protected":false},"featured_media":4827,"comment_status":"open","ping_status":"closed","template":"","meta":[],"product_brand":[],"product_cat":[201],"product_tag":[],"class_list":{"0":"post-4562","1":"product","2":"type-product","3":"status-publish","4":"has-post-thumbnail","6":"product_cat-gift-card-en","8":"first","9":"instock","10":"taxable","11":"shipping-taxable","12":"purchasable","13":"product-type-variable"},"yoast_head":"<!-- This site is optimized with the Yoast SEO plugin v27.6 - https:\/\/yoast.com\/product\/yoast-seo-wordpress\/ -->\n<title>Gift Card (EUR) | ReptiShop \u2014 Reptile Breeders&#039; Store<\/title>\n<meta name=\"description\" content=\"Buy Gift Card (EUR) at ReptiShop. Reptile Breeders&#039; Store \u2014 24h Fast Shipping, Secure BLIK\/Card Payments. Check Price \u2192\" \/>\n<meta name=\"robots\" content=\"index, follow, max-snippet:-1, max-image-preview:large, max-video-preview:-1\" \/>\n<link rel=\"canonical\" href=\"https:\/\/reptishop.pl\/en\/produkt\/karta-podarunkowa-w-euro-en\/\" \/>\n<meta property=\"og:locale\" content=\"en_US\" \/>\n<meta property=\"og:type\" content=\"article\" \/>\n<meta property=\"og:title\" content=\"Gift Card (EUR) | ReptiShop \u2014 Reptile Breeders&#039; Store\" \/>\n<meta property=\"og:description\" content=\"Buy Gift Card (EUR) at ReptiShop. Reptile Breeders&#039; Store \u2014 24h Fast Shipping, Secure BLIK\/Card Payments. Check Price \u2192\" \/>\n<meta property=\"og:url\" content=\"https:\/\/reptishop.pl\/en\/produkt\/karta-podarunkowa-w-euro-en\/\" \/>\n<meta property=\"og:site_name\" content=\"Reptishop.pl\" \/>\n<meta property=\"article:modified_time\" content=\"2026-05-07T20:21:06+00:00\" \/>\n<meta property=\"og:image\" content=\"https:\/\/reptishop.pl\/wp-content\/uploads\/2026\/04\/gift20card2050eur.webp\" \/>\n\t<meta property=\"og:image:width\" content=\"1000\" \/>\n\t<meta property=\"og:image:height\" content=\"1000\" \/>\n\t<meta property=\"og:image:type\" content=\"image\/webp\" \/>\n<meta name=\"twitter:card\" content=\"summary_large_image\" \/>\n<script type=\"application\/ld+json\" class=\"yoast-schema-graph\">{\"@context\":\"https:\\\/\\\/schema.org\",\"@graph\":[{\"@type\":\"WebPage\",\"@id\":\"https:\\\/\\\/reptishop.pl\\\/en\\\/produkt\\\/karta-podarunkowa-w-euro-en\\\/\",\"url\":\"https:\\\/\\\/reptishop.pl\\\/en\\\/produkt\\\/karta-podarunkowa-w-euro-en\\\/\",\"name\":\"Gift Card (EUR) | ReptiShop \u2014 Reptile Breeders' Store\",\"isPartOf\":{\"@id\":\"https:\\\/\\\/reptishop.pl\\\/#website\"},\"primaryImageOfPage\":{\"@id\":\"https:\\\/\\\/reptishop.pl\\\/en\\\/produkt\\\/karta-podarunkowa-w-euro-en\\\/#primaryimage\"},\"image\":{\"@id\":\"https:\\\/\\\/reptishop.pl\\\/en\\\/produkt\\\/karta-podarunkowa-w-euro-en\\\/#primaryimage\"},\"thumbnailUrl\":\"https:\\\/\\\/reptishop.pl\\\/wp-content\\\/uploads\\\/2026\\\/04\\\/gift20card2050eur.webp\",\"datePublished\":\"2026-04-17T06:11:28+00:00\",\"dateModified\":\"2026-05-07T20:21:06+00:00\",\"description\":\"Buy Gift Card (EUR) at ReptiShop. Reptile Breeders' Store \u2014 24h Fast Shipping, Secure BLIK\\\/Card Payments. Check Price \u2192\",\"breadcrumb\":{\"@id\":\"https:\\\/\\\/reptishop.pl\\\/en\\\/produkt\\\/karta-podarunkowa-w-euro-en\\\/#breadcrumb\"},\"inLanguage\":\"en-US\",\"potentialAction\":[{\"@type\":\"ReadAction\",\"target\":[\"https:\\\/\\\/reptishop.pl\\\/en\\\/produkt\\\/karta-podarunkowa-w-euro-en\\\/\"]}]},{\"@type\":\"ImageObject\",\"inLanguage\":\"en-US\",\"@id\":\"https:\\\/\\\/reptishop.pl\\\/en\\\/produkt\\\/karta-podarunkowa-w-euro-en\\\/#primaryimage\",\"url\":\"https:\\\/\\\/reptishop.pl\\\/wp-content\\\/uploads\\\/2026\\\/04\\\/gift20card2050eur.webp\",\"contentUrl\":\"https:\\\/\\\/reptishop.pl\\\/wp-content\\\/uploads\\\/2026\\\/04\\\/gift20card2050eur.webp\",\"width\":1000,\"height\":1000,\"caption\":\"Gift Card (EUR)\"},{\"@type\":\"BreadcrumbList\",\"@id\":\"https:\\\/\\\/reptishop.pl\\\/en\\\/produkt\\\/karta-podarunkowa-w-euro-en\\\/#breadcrumb\",\"itemListElement\":[{\"@type\":\"ListItem\",\"position\":1,\"name\":\"Home\",\"item\":\"https:\\\/\\\/reptishop.pl\\\/en\\\/home-en\\\/\"},{\"@type\":\"ListItem\",\"position\":2,\"name\":\"Shop\",\"item\":\"https:\\\/\\\/reptishop.pl\\\/en\\\/shop\\\/\"},{\"@type\":\"ListItem\",\"position\":3,\"name\":\"Gift Card (EUR)\"}]},{\"@type\":\"WebSite\",\"@id\":\"https:\\\/\\\/reptishop.pl\\\/#website\",\"url\":\"https:\\\/\\\/reptishop.pl\\\/\",\"name\":\"Reptishop.pl\",\"description\":\"Sklep dla hodowc\u00f3w gad\u00f3w i p\u0142az\u00f3w\",\"publisher\":{\"@id\":\"https:\\\/\\\/reptishop.pl\\\/#organization\"},\"potentialAction\":[{\"@type\":\"SearchAction\",\"target\":{\"@type\":\"EntryPoint\",\"urlTemplate\":\"https:\\\/\\\/reptishop.pl\\\/?s={search_term_string}\"},\"query-input\":{\"@type\":\"PropertyValueSpecification\",\"valueRequired\":true,\"valueName\":\"search_term_string\"}}],\"inLanguage\":\"en-US\"},{\"@type\":\"Organization\",\"@id\":\"https:\\\/\\\/reptishop.pl\\\/#organization\",\"name\":\"Reptishop.pl\",\"url\":\"https:\\\/\\\/reptishop.pl\\\/\",\"logo\":{\"@type\":\"ImageObject\",\"inLanguage\":\"en-US\",\"@id\":\"https:\\\/\\\/reptishop.pl\\\/#\\\/schema\\\/logo\\\/image\\\/\",\"url\":\"https:\\\/\\\/reptishop.pl\\\/wp-content\\\/uploads\\\/2026\\\/04\\\/logo-reptishop-transparent.png\",\"contentUrl\":\"https:\\\/\\\/reptishop.pl\\\/wp-content\\\/uploads\\\/2026\\\/04\\\/logo-reptishop-transparent.png\",\"width\":600,\"height\":218,\"caption\":\"Reptishop.pl\"},\"image\":{\"@id\":\"https:\\\/\\\/reptishop.pl\\\/#\\\/schema\\\/logo\\\/image\\\/\"}}]}<\/script>\n<!-- \/ Yoast SEO plugin. -->","yoast_head_json":{"title":"Gift Card (EUR) | ReptiShop \u2014 Reptile Breeders' Store","description":"Buy Gift Card (EUR) at ReptiShop. Reptile Breeders' Store \u2014 24h Fast Shipping, Secure BLIK\/Card Payments. Check Price \u2192","robots":{"index":"index","follow":"follow","max-snippet":"max-snippet:-1","max-image-preview":"max-image-preview:large","max-video-preview":"max-video-preview:-1"},"canonical":"https:\/\/reptishop.pl\/en\/produkt\/karta-podarunkowa-w-euro-en\/","og_locale":"en_US","og_type":"article","og_title":"Gift Card (EUR) | ReptiShop \u2014 Reptile Breeders' Store","og_description":"Buy Gift Card (EUR) at ReptiShop. Reptile Breeders' Store \u2014 24h Fast Shipping, Secure BLIK\/Card Payments. Check Price \u2192","og_url":"https:\/\/reptishop.pl\/en\/produkt\/karta-podarunkowa-w-euro-en\/","og_site_name":"Reptishop.pl","article_modified_time":"2026-05-07T20:21:06+00:00","og_image":[{"width":1000,"height":1000,"url":"https:\/\/reptishop.pl\/wp-content\/uploads\/2026\/04\/gift20card2050eur.webp","type":"image\/webp"}],"twitter_card":"summary_large_image","schema":{"@context":"https:\/\/schema.org","@graph":[{"@type":"WebPage","@id":"https:\/\/reptishop.pl\/en\/produkt\/karta-podarunkowa-w-euro-en\/","url":"https:\/\/reptishop.pl\/en\/produkt\/karta-podarunkowa-w-euro-en\/","name":"Gift Card (EUR) | ReptiShop \u2014 Reptile Breeders' Store","isPartOf":{"@id":"https:\/\/reptishop.pl\/#website"},"primaryImageOfPage":{"@id":"https:\/\/reptishop.pl\/en\/produkt\/karta-podarunkowa-w-euro-en\/#primaryimage"},"image":{"@id":"https:\/\/reptishop.pl\/en\/produkt\/karta-podarunkowa-w-euro-en\/#primaryimage"},"thumbnailUrl":"https:\/\/reptishop.pl\/wp-content\/uploads\/2026\/04\/gift20card2050eur.webp","datePublished":"2026-04-17T06:11:28+00:00","dateModified":"2026-05-07T20:21:06+00:00","description":"Buy Gift Card (EUR) at ReptiShop. Reptile Breeders' Store \u2014 24h Fast Shipping, Secure BLIK\/Card Payments. Check Price \u2192","breadcrumb":{"@id":"https:\/\/reptishop.pl\/en\/produkt\/karta-podarunkowa-w-euro-en\/#breadcrumb"},"inLanguage":"en-US","potentialAction":[{"@type":"ReadAction","target":["https:\/\/reptishop.pl\/en\/produkt\/karta-podarunkowa-w-euro-en\/"]}]},{"@type":"ImageObject","inLanguage":"en-US","@id":"https:\/\/reptishop.pl\/en\/produkt\/karta-podarunkowa-w-euro-en\/#primaryimage","url":"https:\/\/reptishop.pl\/wp-content\/uploads\/2026\/04\/gift20card2050eur.webp","contentUrl":"https:\/\/reptishop.pl\/wp-content\/uploads\/2026\/04\/gift20card2050eur.webp","width":1000,"height":1000,"caption":"Gift Card (EUR)"},{"@type":"BreadcrumbList","@id":"https:\/\/reptishop.pl\/en\/produkt\/karta-podarunkowa-w-euro-en\/#breadcrumb","itemListElement":[{"@type":"ListItem","position":1,"name":"Home","item":"https:\/\/reptishop.pl\/en\/home-en\/"},{"@type":"ListItem","position":2,"name":"Shop","item":"https:\/\/reptishop.pl\/en\/shop\/"},{"@type":"ListItem","position":3,"name":"Gift Card (EUR)"}]},{"@type":"WebSite","@id":"https:\/\/reptishop.pl\/#website","url":"https:\/\/reptishop.pl\/","name":"Reptishop.pl","description":"Sklep dla hodowc\u00f3w gad\u00f3w i p\u0142az\u00f3w","publisher":{"@id":"https:\/\/reptishop.pl\/#organization"},"potentialAction":[{"@type":"SearchAction","target":{"@type":"EntryPoint","urlTemplate":"https:\/\/reptishop.pl\/?s={search_term_string}"},"query-input":{"@type":"PropertyValueSpecification","valueRequired":true,"valueName":"search_term_string"}}],"inLanguage":"en-US"},{"@type":"Organization","@id":"https:\/\/reptishop.pl\/#organization","name":"Reptishop.pl","url":"https:\/\/reptishop.pl\/","logo":{"@type":"ImageObject","inLanguage":"en-US","@id":"https:\/\/reptishop.pl\/#\/schema\/logo\/image\/","url":"https:\/\/reptishop.pl\/wp-content\/uploads\/2026\/04\/logo-reptishop-transparent.png","contentUrl":"https:\/\/reptishop.pl\/wp-content\/uploads\/2026\/04\/logo-reptishop-transparent.png","width":600,"height":218,"caption":"Reptishop.pl"},"image":{"@id":"https:\/\/reptishop.pl\/#\/schema\/logo\/image\/"}}]}},"_links":{"self":[{"href":"https:\/\/reptishop.pl\/en\/wp-json\/wp\/v2\/product\/4562","targetHints":{"allow":["GET"]}}],"collection":[{"href":"https:\/\/reptishop.pl\/en\/wp-json\/wp\/v2\/product"}],"about":[{"href":"https:\/\/reptishop.pl\/en\/wp-json\/wp\/v2\/types\/product"}],"replies":[{"embeddable":true,"href":"https:\/\/reptishop.pl\/en\/wp-json\/wp\/v2\/comments?post=4562"}],"wp:featuredmedia":[{"embeddable":true,"href":"https:\/\/reptishop.pl\/en\/wp-json\/wp\/v2\/media\/4827"}],"wp:attachment":[{"href":"https:\/\/reptishop.pl\/en\/wp-json\/wp\/v2\/media?parent=4562"}],"wp:term":[{"taxonomy":"product_brand","embeddable":true,"href":"https:\/\/reptishop.pl\/en\/wp-json\/wp\/v2\/product_brand?post=4562"},{"taxonomy":"product_cat","embeddable":true,"href":"https:\/\/reptishop.pl\/en\/wp-json\/wp\/v2\/product_cat?post=4562"},{"taxonomy":"product_tag","embeddable":true,"href":"https:\/\/reptishop.pl\/en\/wp-json\/wp\/v2\/product_tag?post=4562"}],"curies":[{"name":"wp","href":"https:\/\/api.w.org\/{rel}","templated":true}]}}